{"id":1447,"date":"2024-03-04T11:32:21","date_gmt":"2024-03-04T11:32:21","guid":{"rendered":"https:\/\/ometalnik.si\/?post_type=product&#038;p=1447"},"modified":"2024-03-04T11:41:33","modified_gmt":"2024-03-04T11:41:33","slug":"metlica-za-ometalnik-2","status":"publish","type":"product","link":"https:\/\/ometalnik.si\/en\/product\/metlica-za-ometalnik-2\/","title":{"rendered":"Metlica za ometalnik"},"content":{"rendered":"<p>Metlica je sestavljena iz osnovne palice PVC v katero so pritrjene \u0161\u010detine iz naravne \u017eime \u2013konjski rep. Na eni strani je tesno vstavljen zati\u010d premera 5mm, na drugi pa je izdelana izvrtina premera 6mm ter s strani navoj M4 za pritrditev na pogonsko enoto.<br \/>\nPremer metlic je 120mm.<br \/>\nNa voljo sta dve dol\u017eini:<br \/>\n   -500mm<br \/>\n   -320mm   <\/p>","protected":false},"excerpt":{"rendered":"<p>The solar melter is intended for melting waxes with the help of solar energy.<\/p>","protected":false},"featured_media":1452,"template":"","meta":{"kt_blocks_editor_width":""},"product_brand":[],"product_cat":[15],"product_tag":[],"class_list":{"0":"post-1447","1":"product","2":"type-product","3":"status-publish","4":"has-post-thumbnail","6":"product_cat-vsi-izdelki","8":"first","9":"instock","10":"featured","11":"shipping-taxable","12":"purchasable","13":"product-type-variable"},"_links":{"self":[{"href":"https:\/\/ometalnik.si\/en\/wp-json\/wp\/v2\/product\/1447","targetHints":{"allow":["GET"]}}],"collection":[{"href":"https:\/\/ometalnik.si\/en\/wp-json\/wp\/v2\/product"}],"about":[{"href":"https:\/\/ometalnik.si\/en\/wp-json\/wp\/v2\/types\/product"}],"wp:featuredmedia":[{"embeddable":true,"href":"https:\/\/ometalnik.si\/en\/wp-json\/wp\/v2\/media\/1452"}],"wp:attachment":[{"href":"https:\/\/ometalnik.si\/en\/wp-json\/wp\/v2\/media?parent=1447"}],"wp:term":[{"taxonomy":"product_brand","embeddable":true,"href":"https:\/\/ometalnik.si\/en\/wp-json\/wp\/v2\/product_brand?post=1447"},{"taxonomy":"product_cat","embeddable":true,"href":"https:\/\/ometalnik.si\/en\/wp-json\/wp\/v2\/product_cat?post=1447"},{"taxonomy":"product_tag","embeddable":true,"href":"https:\/\/ometalnik.si\/en\/wp-json\/wp\/v2\/product_tag?post=1447"}],"curies":[{"name":"wp","href":"https:\/\/api.w.org\/{rel}","templated":true}]}}