{"id":1436,"date":"2024-03-04T10:56:38","date_gmt":"2024-03-04T10:56:38","guid":{"rendered":"https:\/\/ometalnik.si\/?post_type=product&#038;p=1436"},"modified":"2024-03-04T11:12:42","modified_gmt":"2024-03-04T11:12:42","slug":"kosarica-za-cvetni-prah","status":"publish","type":"product","link":"https:\/\/ometalnik.si\/en\/product\/kosarica-za-cvetni-prah\/","title":{"rendered":"Ko\u0161arica za cvetni prah"},"content":{"rendered":"<p>Namenjena je za zunanje osmukalnike cvetnega prahu.<br \/>\nKo\u0161arica je izdelana v celoti iz nerjavne plo\u010devine in inox tkanine.  Je zra\u010dna in brez oglji\u0161\u010d, kjer bi se nabirala nesnaga. Na sprednji strani je podalj\u0161ana plo\u010devina, ki  \u0161\u010diti cvetni prah  neposredni izpostavljenosti soncu in de\u017eju. Zadeva ne plesni in kar je zelo pomembno, enostavno se jo o\u010disti pod teko\u010do vodo ali pa v pomivalnem stroju.<br \/>\nDimenzije ko\u0161arice so 290x100x60mm<\/p>","protected":false},"excerpt":{"rendered":"<p>Namenjena je za zunanje osmukalnike cvetnega prahu.<\/p>","protected":false},"featured_media":1439,"template":"","meta":{"kt_blocks_editor_width":""},"product_brand":[],"product_cat":[15],"product_tag":[],"class_list":{"0":"post-1436","1":"product","2":"type-product","3":"status-publish","4":"has-post-thumbnail","6":"product_cat-vsi-izdelki","8":"first","9":"instock","10":"featured","11":"shipping-taxable","12":"purchasable","13":"product-type-simple"},"_links":{"self":[{"href":"https:\/\/ometalnik.si\/en\/wp-json\/wp\/v2\/product\/1436","targetHints":{"allow":["GET"]}}],"collection":[{"href":"https:\/\/ometalnik.si\/en\/wp-json\/wp\/v2\/product"}],"about":[{"href":"https:\/\/ometalnik.si\/en\/wp-json\/wp\/v2\/types\/product"}],"wp:featuredmedia":[{"embeddable":true,"href":"https:\/\/ometalnik.si\/en\/wp-json\/wp\/v2\/media\/1439"}],"wp:attachment":[{"href":"https:\/\/ometalnik.si\/en\/wp-json\/wp\/v2\/media?parent=1436"}],"wp:term":[{"taxonomy":"product_brand","embeddable":true,"href":"https:\/\/ometalnik.si\/en\/wp-json\/wp\/v2\/product_brand?post=1436"},{"taxonomy":"product_cat","embeddable":true,"href":"https:\/\/ometalnik.si\/en\/wp-json\/wp\/v2\/product_cat?post=1436"},{"taxonomy":"product_tag","embeddable":true,"href":"https:\/\/ometalnik.si\/en\/wp-json\/wp\/v2\/product_tag?post=1436"}],"curies":[{"name":"wp","href":"https:\/\/api.w.org\/{rel}","templated":true}]}}