{"id":45,"date":"2013-07-26T23:01:15","date_gmt":"2013-07-26T23:01:15","guid":{"rendered":"http:\/\/themes.kadencethemes.com\/virtue-premium-3\/?page_id=45"},"modified":"2020-03-09T12:34:28","modified_gmt":"2020-03-09T12:34:28","slug":"kontakt","status":"publish","type":"page","link":"https:\/\/ometalnik.si\/en\/kontakt\/","title":{"rendered":"Contact"},"content":{"rendered":"<p><iframe loading=\"lazy\" src=\"https:\/\/www.google.com\/maps\/embed?pb=!1m18!1m12!1m3!1d2763.7434082389427!2d14.922708615836171!3d46.155855395045535!2m3!1f0!2f0!3f0!3m2!1i1024!2i768!4f13.1!3m3!1m2!1s0x4765400a8a7c27cf%3A0x8bec3a786b4ab078!2sGlade%C5%BE%2027%2C%201411%20Izlake!5e0!3m2!1ssl!2ssi!4v1583427928585!5m2!1ssl!2ssi\" width=\"1200\" height=\"360\" frameborder=\"0\" style=\"border:0;\" allowfullscreen=\"\"><\/iframe><\/p>\n\n\n\n<div class=\"wp-block-columns is-layout-flex wp-container-core-columns-is-layout-1 wp-block-columns-is-layout-flex\">\n<div class=\"wp-block-column is-layout-flow wp-block-column-is-layout-flow\">\n<h5 style=\"padding-left: 40px;\"><img loading=\"lazy\" decoding=\"async\" class=\"wp-image-1089 aligncenter\" src=\"http:\/\/ometalnik.si\/wp-content\/uploads\/2020\/03\/Honey4-Converted-300x293.png\" alt=\"\" width=\"70\" height=\"69\" srcset=\"https:\/\/ometalnik.si\/wp-content\/uploads\/2020\/03\/Honey4-Converted-300x300.png 300w, https:\/\/ometalnik.si\/wp-content\/uploads\/2020\/03\/Honey4-Converted-1024x1000.png 1024w, https:\/\/ometalnik.si\/wp-content\/uploads\/2020\/03\/Honey4-Converted-150x150.png 150w, https:\/\/ometalnik.si\/wp-content\/uploads\/2020\/03\/Honey4-Converted-768x750.png 768w, https:\/\/ometalnik.si\/wp-content\/uploads\/2020\/03\/Honey4-Converted-1536x1499.png 1536w, https:\/\/ometalnik.si\/wp-content\/uploads\/2020\/03\/Honey4-Converted-2048x1999.png 2048w, https:\/\/ometalnik.si\/wp-content\/uploads\/2020\/03\/Honey4-Converted-456x456.png 456w, https:\/\/ometalnik.si\/wp-content\/uploads\/2020\/03\/Honey4-Converted-100x100.png 100w, https:\/\/ometalnik.si\/wp-content\/uploads\/2020\/03\/Honey4-Converted.png 2102w\" sizes=\"auto, (max-width: 70px) 100vw, 70px\" \/><\/h5>\n<h4 style=\"padding-left: 40px; text-align: center;\"><strong>Dolin\u0161ek Marjan s.p.<\/strong><br>Izdelava \u010debelarske opreme, MD OPREMA<br>Glade\u017e 27, Podlipovica<br>IZLAKE 1411<\/h4>\n<h5 style=\"text-align: center;\">041\/ 985 313<br>dolinsek.marjan@gmail.com<\/h5>\n<p><\/p>\n<\/div>\n\n\n\n<div class=\"wp-block-column is-layout-flow wp-block-column-is-layout-flow\"><style>.kadence-form-_631f29-8e .kb-form .kadence-blocks-form-field label .required{color:#fff;}.kadence-form-_631f29-8e .kb-form .kadence-blocks-form-field .kb-text-style-field, .kadence-form-_631f29-8e .kb-form .kadence-blocks-form-field .kb-select-style-field{background:#fff;}.kadence-form-_631f29-8e .kb-form .kadence-blocks-form-field .kb-forms-submit{background:#e8a621;}.kadence-form-_631f29-8e .kadence-blocks-form-success{color:#444;background:#e9a207;}.kb-form input.kadence-blocks-field.verify{opacity:0.0;position:absolute;top:0.0;left:0.0;width:0.0;height:0.0;z-index:-1;}<\/style>\n<div class=\"wp-block-kadence-form kadence-form-_631f29-8e kb-form-wrap\"><form class=\"kb-form\" action=\"\" method=\"post\" data-trp-original-action=\"\"><div class=\"kadence-blocks-form-field kb-field-desk-width-100 kb-input-size-standard\"><label for=\"kb_field__631f29-8e_0\">Name and surname<\/label><input name=\"kb_field_0\" id=\"kb_field__631f29-8e_0\" data-label=\"Ime in priimek\" type=\"text\" placeholder=\"\" value=\"\" data-type=\"text\" class=\"kb-field kb-text-style-field kb-text-field kb-field-0\"\/><\/div><div class=\"kadence-blocks-form-field kb-form-field-1 kb-field-desk-width-100 kb-input-size-standard\"><label for=\"kb_field__631f29-8e_1\">E-mail<span class=\"required\">*<\/span><\/label><input name=\"kb_field_1\" id=\"kb_field__631f29-8e_1\" data-label=\"E-mail\" type=\"email\" placeholder=\"\" value=\"\" data-type=\"email\" class=\"kb-field kb-text-style-field kb-email-field kb-field-1\" data-required=\"yes\"\/><\/div><div class=\"kadence-blocks-form-field kb-form-field-2 kb-field-desk-width-100 kb-input-size-standard\"><label for=\"kb_field__631f29-8e_2\">Message<span class=\"required\">*<\/span><\/label><textarea name=\"kb_field_2\" id=\"kb_field__631f29-8e_2\" data-label=\"Sporo\u010dilo\" type=\"textarea\" placeholder=\"\" data-type=\"textarea\" class=\"kb-field kb-text-style-field kb-textarea-field kb-field-2\" rows=\"4\" data-required=\"yes\"><\/textarea><\/div><input type=\"hidden\" name=\"_kb_form_id\" value=\"_631f29-8e\"\/><input type=\"hidden\" name=\"_kb_form_post_id\" value=\"45\"\/><input type=\"hidden\" name=\"action\" value=\"kb_process_ajax_submit\"\/><input type=\"hidden\" name=\"recaptcha_response\" class=\"kb_recaptcha_response kb_recaptcha__631f29-8e\"\/><input class=\"kadence-blocks-field verify\" type=\"text\" name=\"_kb_verify_email\" autocomplete=\"off\" placeholder=\"Email\" tabindex=\"-1\"\/><div class=\"kadence-blocks-form-field kb-submit-field kb-field-desk-width-100\"><button class=\"kb-forms-submit button kb-button-size-standard kb-button-width-auto\">Send<\/button><\/div><input type=\"hidden\" name=\"trp-form-language\" value=\"en\"\/><\/form><\/div>\n<noscript><div class=\"kadence-blocks-form-message kadence-blocks-form-warning\">Please enable JavaScript in your browser to submit the form<\/div><style>.kadence-form-_631f29-8e .kadence-blocks-form-field.kb-submit-field { display: none; }<\/style><\/noscript><\/div>\n<\/div>","protected":false},"excerpt":{"rendered":"<p>Dolin\u0161ek Marjan s.p.Izdelava \u010debelarske opreme, MD OPREMAGlade\u017e 27, PodlipovicaIZLAKE 1411 041\/ 985 313dolinsek.marjan@gmail.com<\/p>","protected":false},"author":1,"featured_media":0,"parent":0,"menu_order":0,"comment_status":"open","ping_status":"open","template":"page-contact.php","meta":{"kt_blocks_editor_width":"","footnotes":""},"class_list":["post-45","page","type-page","status-publish","hentry"],"_links":{"self":[{"href":"https:\/\/ometalnik.si\/en\/wp-json\/wp\/v2\/pages\/45","targetHints":{"allow":["GET"]}}],"collection":[{"href":"https:\/\/ometalnik.si\/en\/wp-json\/wp\/v2\/pages"}],"about":[{"href":"https:\/\/ometalnik.si\/en\/wp-json\/wp\/v2\/types\/page"}],"author":[{"embeddable":true,"href":"https:\/\/ometalnik.si\/en\/wp-json\/wp\/v2\/users\/1"}],"replies":[{"embeddable":true,"href":"https:\/\/ometalnik.si\/en\/wp-json\/wp\/v2\/comments?post=45"}],"version-history":[{"count":19,"href":"https:\/\/ometalnik.si\/en\/wp-json\/wp\/v2\/pages\/45\/revisions"}],"predecessor-version":[{"id":1228,"href":"https:\/\/ometalnik.si\/en\/wp-json\/wp\/v2\/pages\/45\/revisions\/1228"}],"wp:attachment":[{"href":"https:\/\/ometalnik.si\/en\/wp-json\/wp\/v2\/media?parent=45"}],"curies":[{"name":"wp","href":"https:\/\/api.w.org\/{rel}","templated":true}]}}