{"id":1113,"date":"2020-03-04T13:13:29","date_gmt":"2020-03-04T13:13:29","guid":{"rendered":"http:\/\/ometalnik.si\/?page_id=1113"},"modified":"2020-03-04T13:25:55","modified_gmt":"2020-03-04T13:25:55","slug":"o-nas","status":"publish","type":"page","link":"https:\/\/ometalnik.si\/en\/o-nas\/","title":{"rendered":"About us"},"content":{"rendered":"<div class=\"wp-block-image\"><figure class=\"aligncenter size-large is-resized\"><img loading=\"lazy\" decoding=\"async\" src=\"http:\/\/ometalnik.si\/wp-content\/uploads\/2020\/03\/Stoletnik-\u010debelnjak-min-1024x683.jpg\" alt=\"\" class=\"wp-image-1117\" width=\"768\" height=\"512\" srcset=\"https:\/\/ometalnik.si\/wp-content\/uploads\/2020\/03\/Stoletnik-\u010debelnjak-min-1024x683.jpg 1024w, https:\/\/ometalnik.si\/wp-content\/uploads\/2020\/03\/Stoletnik-\u010debelnjak-min-300x200.jpg 300w, https:\/\/ometalnik.si\/wp-content\/uploads\/2020\/03\/Stoletnik-\u010debelnjak-min-768x512.jpg 768w, https:\/\/ometalnik.si\/wp-content\/uploads\/2020\/03\/Stoletnik-\u010debelnjak-min-1536x1024.jpg 1536w, https:\/\/ometalnik.si\/wp-content\/uploads\/2020\/03\/Stoletnik-\u010debelnjak-min-2048x1365.jpg 2048w\" sizes=\"auto, (max-width: 768px) 100vw, 768px\" \/><figcaption>Centenarian - Slovenian beehive<\/figcaption><\/figure><\/div>\n\n\n<h4><strong>Presentation of the company<\/strong><\/h4>\n<p class=\"translation-block\">I am Marjan, a beekeeper, and I made tools to eliminate the problems in beekeeping. When extracting honey, I had the most trouble removing the bees from the combs. So I made a mechanical bee blower to remove all the bees from the combs into the pot. It enables work to be done quickly; there are almost no bees around me and no honeybee stings. The next problem arose with the accumulation of old honeycombs and waxes from the beehives waiting to be melted. A wax moth attacked those during that time, or they all got mouldy. Making a solar wax melter made all those problems disappear because I am constantly melting them into wax. When gathering pollen, there can also be problems with mould, impurities in the pollen, installing the trap to a beehive as well as with sealing; therefore, I joined a project team where we built a new, improved external pollen trap. I wanted to bring all these improvements closer to other beekeepers, and in 2011 I opened a company and started making beekeeping equipment.<\/p>","protected":false},"excerpt":{"rendered":"<p>Predstavitev podjetja Sem \u010debelar Marjan in za te\u017eave v \u010debelarstvu sem si izdelal pripomo\u010dke za odpravo le teh. Pri to\u010denju medu sem imel najve\u010d te\u017eav&nbsp; z odstranitvijo \u010debel iz satja. Zato sem si izdelal strojni ometalnik,&nbsp; s katerim odstranim vse &hellip; <a class=\"kt-excerpt-readmore\" href=\"https:\/\/ometalnik.si\/en\/o-nas\/\" aria-label=\"About us\">Preberi ve\u010d<\/a><\/p>","protected":false},"author":1,"featured_media":0,"parent":0,"menu_order":0,"comment_status":"closed","ping_status":"closed","template":"","meta":{"kt_blocks_editor_width":"","footnotes":""},"class_list":["post-1113","page","type-page","status-publish","hentry"],"_links":{"self":[{"href":"https:\/\/ometalnik.si\/en\/wp-json\/wp\/v2\/pages\/1113","targetHints":{"allow":["GET"]}}],"collection":[{"href":"https:\/\/ometalnik.si\/en\/wp-json\/wp\/v2\/pages"}],"about":[{"href":"https:\/\/ometalnik.si\/en\/wp-json\/wp\/v2\/types\/page"}],"author":[{"embeddable":true,"href":"https:\/\/ometalnik.si\/en\/wp-json\/wp\/v2\/users\/1"}],"replies":[{"embeddable":true,"href":"https:\/\/ometalnik.si\/en\/wp-json\/wp\/v2\/comments?post=1113"}],"version-history":[{"count":4,"href":"https:\/\/ometalnik.si\/en\/wp-json\/wp\/v2\/pages\/1113\/revisions"}],"predecessor-version":[{"id":1121,"href":"https:\/\/ometalnik.si\/en\/wp-json\/wp\/v2\/pages\/1113\/revisions\/1121"}],"wp:attachment":[{"href":"https:\/\/ometalnik.si\/en\/wp-json\/wp\/v2\/media?parent=1113"}],"curies":[{"name":"wp","href":"https:\/\/api.w.org\/{rel}","templated":true}]}}